{"id":508,"date":"2017-11-19T16:54:10","date_gmt":"2017-11-19T16:54:10","guid":{"rendered":"http:\/\/delipap.web35.neutech.fi\/mista-kaikki-sai-alkunsa\/"},"modified":"2018-11-14T06:20:48","modified_gmt":"2018-11-14T06:20:48","slug":"var-historia","status":"publish","type":"page","link":"https:\/\/delipap.fi\/sv\/foretaget\/var-historia\/","title":{"rendered":"Hur allt b\u00f6rjade"},"content":{"rendered":"<h1>HUR ALLT B\u00d6RJADE<\/h1>\n<p>Vi brinner f\u00f6r att tillverka s\u00e4kra hygienprodukter f\u00f6r hela familjen som skonsamma b\u00e5de for huden och milj\u00f6n.<br \/>\nV\u00e5r historia b\u00f6rjade f\u00f6r 40 \u00e5r sedan med en liten pojke med k\u00e4nslig hud och hans innovativa pappa, Raimo Nuortie. P\u00e5 den tiden fanns inte nutidens moderna bl\u00f6jor p\u00e5 marknaden och man anv\u00e4nde sig av tygbl\u00f6jor. De passade inte Raimos lille son Oskari som hade k\u00e4nslig hud. Som alla pappor ville \u00e4ven Raimo f\u00f6rs\u00e4kra sig om att sonen m\u00e5dde bra, s\u00e5 han besl\u00f6t sig f\u00f6r att utveckla en ny typ av bl\u00f6ja som skulle l\u00e4mpa sig b\u00e4ttre f\u00f6r barnets k\u00e4nsliga hud. Med den nya bl\u00f6jan blev lille Oskaris hud b\u00e4ttre. Raimo blev inspirerad av den fungerande uppfinningen och besl\u00f6t sig f\u00f6r att ans\u00f6ka om patent och starta ett eget f\u00f6retag \u2013 Delipap Oy. Kort d\u00e4rp\u00e5 ut\u00f6kade f\u00f6retaget sitt sortiment till damhygienprodukter.<\/p>\n<p>\u00c4n idag f\u00f6ljer vi i Raimos fotsp\u00e5r och tillverkar h\u00f6gkvalitativa hygienprodukter f\u00f6r hela familjen som \u00e4r skonsamma b\u00e5de for huden och milj\u00f6n. Du har kanske h\u00f6rt talas om Muumi Baby bl\u00f6jorna, damhygienprodukterna Vuokkoset och Helmi-produkterna f\u00f6r hela familjen.<\/p>\n<p>Vi vill underl\u00e4tta och f\u00f6rb\u00e4ttra de finl\u00e4ndska familjernas vardag genom att erbjuda inhemska, hudv\u00e4nliga och milj\u00f6m\u00e4ssigt ansvarsfulla hygienprodukter utan att g\u00f6ra avkall p\u00e5 kvaliteten. V\u00e5r ansvarsfulla verksamhet har gett oss Svanenm\u00e4rket, Nyckelflaggan och Allergi-, Hud- och Astmaf\u00f6rbundets m\u00e4rke. Delipap Oy \u00e4gs \u00e4n idag av familjen Nuortie och syssels\u00e4tter d\u00e4rtill 70 andra personer.<\/p>\n","protected":false},"excerpt":{"rendered":"<p>HUR ALLT B\u00d6RJADE Vi brinner f\u00f6r att tillverka s\u00e4kra hygienprodukter f\u00f6r hela familjen som skonsamma b\u00e5de for huden och milj\u00f6n. V\u00e5r historia b\u00f6rjade f\u00f6r 40 \u00e5r sedan med en liten pojke med k\u00e4nslig hud och hans innovativa pappa, Raimo Nuortie. P\u00e5 den tiden fanns inte nutidens moderna bl\u00f6jor p\u00e5 marknaden och man anv\u00e4nde sig av [&hellip;]<\/p>\n","protected":false},"author":1,"featured_media":0,"parent":520,"menu_order":0,"comment_status":"closed","ping_status":"closed","template":"template-mista-kaikki-sai-alkunsa.php","meta":{"_acf_changed":false,"footnotes":""},"class_list":["post-508","page","type-page","status-publish","hentry"],"acf":[],"_links":{"self":[{"href":"https:\/\/delipap.fi\/sv\/wp-json\/wp\/v2\/pages\/508\/"}],"collection":[{"href":"https:\/\/delipap.fi\/sv\/wp-json\/wp\/v2\/pages\/"}],"about":[{"href":"https:\/\/delipap.fi\/sv\/wp-json\/wp\/v2\/types\/page\/"}],"author":[{"embeddable":true,"href":"https:\/\/delipap.fi\/sv\/wp-json\/wp\/v2\/users\/1\/"}],"replies":[{"embeddable":true,"href":"https:\/\/delipap.fi\/sv\/wp-json\/wp\/v2\/comments\/?post=508"}],"version-history":[{"count":8,"href":"https:\/\/delipap.fi\/sv\/wp-json\/wp\/v2\/pages\/508\/revisions\/"}],"predecessor-version":[{"id":1116,"href":"https:\/\/delipap.fi\/sv\/wp-json\/wp\/v2\/pages\/508\/revisions\/1116\/"}],"up":[{"embeddable":true,"href":"https:\/\/delipap.fi\/sv\/wp-json\/wp\/v2\/pages\/520\/"}],"wp:attachment":[{"href":"https:\/\/delipap.fi\/sv\/wp-json\/wp\/v2\/media\/?parent=508"}],"curies":[{"name":"wp","href":"https:\/\/api.w.org\/{rel}","templated":true}]}}