{"id":506,"date":"2017-11-19T17:11:47","date_gmt":"2017-11-19T17:11:47","guid":{"rendered":"http:\/\/delipap.web35.neutech.fi\/rekrytointi\/"},"modified":"2021-12-30T07:27:43","modified_gmt":"2021-12-30T07:27:43","slug":"rekrytointi","status":"publish","type":"page","link":"https:\/\/delipap.fi\/sv\/rekrytointi\/","title":{"rendered":"Rekrytointi"},"content":{"rendered":"<h1>REKRYTOINTI<\/h1>\n<p style=\"text-align: center;\">Delipap Oy tarjoaa t\u00e4ll\u00e4 hetkell\u00e4 ty\u00f6paikan n. 70 hygieniatuotealan ammattilaiselle. Yrityksemme tarjoaa monipuolisia ja itsen\u00e4isi\u00e4 ty\u00f6teht\u00e4vi\u00e4 ja arvostaa dynaamisia ja vastuuntuntoisia ty\u00f6ntekij\u00f6it\u00e4. Jos olet kiinnostunut ty\u00f6paikasta Delipap Oy:ss\u00e4, voit l\u00e4hett\u00e4\u00e4 avoimen hakemuksen alla olevalla lomakkeella.<\/p>\n","protected":false},"excerpt":{"rendered":"<p>REKRYTOINTI Delipap Oy tarjoaa t\u00e4ll\u00e4 hetkell\u00e4 ty\u00f6paikan n. 70 hygieniatuotealan ammattilaiselle. Yrityksemme tarjoaa monipuolisia ja itsen\u00e4isi\u00e4 ty\u00f6teht\u00e4vi\u00e4 ja arvostaa dynaamisia ja vastuuntuntoisia ty\u00f6ntekij\u00f6it\u00e4. Jos olet kiinnostunut ty\u00f6paikasta Delipap Oy:ss\u00e4, voit l\u00e4hett\u00e4\u00e4 avoimen hakemuksen alla olevalla lomakkeella.<\/p>\n","protected":false},"author":1,"featured_media":0,"parent":0,"menu_order":0,"comment_status":"closed","ping_status":"closed","template":"template-rekrytointi-uusi.php","meta":{"_acf_changed":false,"footnotes":""},"class_list":["post-506","page","type-page","status-publish","hentry"],"acf":[],"_links":{"self":[{"href":"https:\/\/delipap.fi\/sv\/wp-json\/wp\/v2\/pages\/506\/"}],"collection":[{"href":"https:\/\/delipap.fi\/sv\/wp-json\/wp\/v2\/pages\/"}],"about":[{"href":"https:\/\/delipap.fi\/sv\/wp-json\/wp\/v2\/types\/page\/"}],"author":[{"embeddable":true,"href":"https:\/\/delipap.fi\/sv\/wp-json\/wp\/v2\/users\/1\/"}],"replies":[{"embeddable":true,"href":"https:\/\/delipap.fi\/sv\/wp-json\/wp\/v2\/comments\/?post=506"}],"version-history":[{"count":6,"href":"https:\/\/delipap.fi\/sv\/wp-json\/wp\/v2\/pages\/506\/revisions\/"}],"predecessor-version":[{"id":1377,"href":"https:\/\/delipap.fi\/sv\/wp-json\/wp\/v2\/pages\/506\/revisions\/1377\/"}],"wp:attachment":[{"href":"https:\/\/delipap.fi\/sv\/wp-json\/wp\/v2\/media\/?parent=506"}],"curies":[{"name":"wp","href":"https:\/\/api.w.org\/{rel}","templated":true}]}}