{"id":505,"date":"2017-11-19T17:11:47","date_gmt":"2017-11-19T17:11:47","guid":{"rendered":"http:\/\/delipap.web35.neutech.fi\/rekrytointi\/"},"modified":"2017-11-29T18:26:34","modified_gmt":"2017-11-29T18:26:34","slug":"rekrytointi","status":"publish","type":"page","link":"https:\/\/delipap.fi\/en\/rekrytointi\/","title":{"rendered":"Rekrytointi"},"content":{"rendered":"<h1>REKRYTOINTI<\/h1>\n<p style=\"text-align: center;\">Delipap Oy tarjoaa t\u00e4ll\u00e4 hetkell\u00e4 ty\u00f6paikan n. 80 hygieniatuotealan ammattilaiselle. Yrityksemme tarjoaa monipuolisia ja itsen\u00e4isi\u00e4 ty\u00f6teht\u00e4vi\u00e4 ja arvostaa dynaamisia ja vastuuntuntoisia ty\u00f6ntekij\u00f6it\u00e4. Jos olet kiinnostunut ty\u00f6paikasta Delipap Oy:ss\u00e4, voit l\u00e4hett\u00e4\u00e4 avoimen hakemuksen alla olevalla lomakkeella.<\/p>\n","protected":false},"excerpt":{"rendered":"<p>REKRYTOINTI Delipap Oy tarjoaa t\u00e4ll\u00e4 hetkell\u00e4 ty\u00f6paikan n. 80 hygieniatuotealan ammattilaiselle. Yrityksemme tarjoaa monipuolisia ja itsen\u00e4isi\u00e4 ty\u00f6teht\u00e4vi\u00e4 ja arvostaa dynaamisia ja vastuuntuntoisia ty\u00f6ntekij\u00f6it\u00e4. Jos olet kiinnostunut ty\u00f6paikasta Delipap Oy:ss\u00e4, voit l\u00e4hett\u00e4\u00e4 avoimen hakemuksen alla olevalla lomakkeella.<\/p>\n","protected":false},"author":1,"featured_media":0,"parent":0,"menu_order":0,"comment_status":"closed","ping_status":"closed","template":"template-rekrytointi-uusi.php","meta":{"_acf_changed":false,"footnotes":""},"class_list":["post-505","page","type-page","status-publish","hentry"],"acf":[],"_links":{"self":[{"href":"https:\/\/delipap.fi\/en\/wp-json\/wp\/v2\/pages\/505\/"}],"collection":[{"href":"https:\/\/delipap.fi\/en\/wp-json\/wp\/v2\/pages\/"}],"about":[{"href":"https:\/\/delipap.fi\/en\/wp-json\/wp\/v2\/types\/page\/"}],"author":[{"embeddable":true,"href":"https:\/\/delipap.fi\/en\/wp-json\/wp\/v2\/users\/1\/"}],"replies":[{"embeddable":true,"href":"https:\/\/delipap.fi\/en\/wp-json\/wp\/v2\/comments\/?post=505"}],"version-history":[{"count":1,"href":"https:\/\/delipap.fi\/en\/wp-json\/wp\/v2\/pages\/505\/revisions\/"}],"predecessor-version":[{"id":663,"href":"https:\/\/delipap.fi\/en\/wp-json\/wp\/v2\/pages\/505\/revisions\/663\/"}],"wp:attachment":[{"href":"https:\/\/delipap.fi\/en\/wp-json\/wp\/v2\/media\/?parent=505"}],"curies":[{"name":"wp","href":"https:\/\/api.w.org\/{rel}","templated":true}]}}